{"id":28,"date":"2016-12-23T00:22:57","date_gmt":"2016-12-22T23:22:57","guid":{"rendered":"https:\/\/test222sia.wordpress.com\/partners\/"},"modified":"2018-09-11T14:06:49","modified_gmt":"2018-09-11T12:06:49","slug":"partners","status":"publish","type":"page","link":"http:\/\/www.sia-project.se\/?page_id=28","title":{"rendered":"Partners"},"content":{"rendered":"<h2>Co-operating Partners in Social Inequalities in Ageing<\/h2>\n<div>\n<h3>SWEDEN<\/h3>\n<p><strong>Karolinska Institutet <\/strong><br \/>\nKarolinska Institutet<br \/>\n171 77 Stockholm, Sweden<br \/>\nContact person: Johan Fritzell, +46 8 690 68 64, <a href=\"mailto:johan.fritzell@ki.se\">johan.fritzell@ki.se<\/a><\/p>\n<p><strong>Stockholm University <\/strong><br \/>\nDepartment for Social Work<br \/>\n106 91 Stockholm, Sweden<br \/>\nContact person: Marta Szebehely, +46 8 674 73 94, <a href=\"mailto:marta.szebehely@socarb.su.se\">marta.szebehely@socarb.su.se<\/a><\/p>\n<h3>DENMARK<\/h3>\n<p><strong>University of Copenhagen <\/strong><br \/>\nFaculty of Health and Medical Science<br \/>\nN\u00f8rre Farimagsgade 5, DK-1014 K Copenhagen, Denmark<br \/>\nContact person: Rikke Lund, +45 35 32 97 92, <a href=\"mailto:rilu@sund.ku.dk\">rilu@sund.ku.dk<\/a><\/p>\n<p>VIVE &#8211; Danish Centre of Applied Social Science<br \/>\nK\u00f8bmagergade 22 \/ DK 1150 Copenhagen, Denmark<br \/>\nContact person: Tine Rostgaard, +45 42743445, <a href=\"mailto:tiro@kora.dk\">tiro@kora.dk<\/a><\/p>\n<h3>NORWAY<\/h3>\n<p><strong>OsloMet \u2013 Oslo Metropolitan University<\/strong><br \/>\n<strong>Velferdsforskningsinstituttet NOVA<\/strong><br \/>\n<strong>Senter for velferds- og arbeidslivsforskning<\/strong><br \/>\nStensberggt. 26, Pb 4 St. Olavs Plass, 0170 Oslo<br \/>\nContact person: Marijke Veenstra, +47 90 23 02 54, <a href=\"mailto:mveen@oslomet.no\">mveen@oslomet.no<\/a><\/p>\n<h3>FINLAND<\/h3>\n<p><strong>University of Tampere <\/strong><br \/>\nSchool of Health Sciences and the Gerontology Research Center<br \/>\n33014 Tampere, Finland<br \/>\nContact person: Marja Jylh\u00e4, +35 8 40 588 91 00, <a href=\"mailto:marja.jylha@uta.fi\">marja.jylha@uta.fi<\/a><\/p>\n<h3>ICELAND<\/h3>\n<p><strong>University of Iceland <\/strong><br \/>\nSchool of Social Sciences<br \/>\nEiriksgata 29, 101 Reykjavik, Iceland<br \/>\nContact person: Alfons Ramel, +354 543 98 75, <a href=\"mailto:alfonsra@hi.is\">alfonsra@hi.is<\/a><\/p>\n<\/div>\n","protected":false},"excerpt":{"rendered":"<p>Co-operating Partners in Social Inequalities in Ageing SWEDEN Karolinska Institutet Karolinska Institutet 171 77 Stockholm, Sweden Contact person: Johan Fritzell, +46 8 690 68 64, johan.fritzell@ki.se Stockholm University Department for Social Work 106 91 Stockholm, Sweden Contact person: Marta Szebehely, +46 8 674 73 94, marta.szebehely@socarb.su.se DENMARK University of Copenhagen Faculty of Health and Medical [&hellip;]<\/p>\n","protected":false},"author":2,"featured_media":0,"parent":0,"menu_order":0,"comment_status":"closed","ping_status":"closed","template":"page-templates\/full-width.php","meta":{"advanced_seo_description":"","spay_email":""},"jetpack_sharing_enabled":false,"jetpack_shortlink":"https:\/\/wp.me\/P9jn8I-s","jetpack_likes_enabled":true,"jetpack-related-posts":[{"id":6,"url":"http:\/\/www.sia-project.se\/?page_id=6","url_meta":{"origin":28,"position":0},"title":"Contact","date":"22\/12\/2016","format":false,"excerpt":"Det h\u00e4r \u00e4r bara en kort utdrag f\u00f6r kontaktsidan\u00a0.","rel":"","context":"Similar post","img":{"alt_text":"","src":"","width":0,"height":0},"classes":[]},{"id":25,"url":"http:\/\/www.sia-project.se\/?page_id=25","url_meta":{"origin":28,"position":1},"title":"Publications","date":"23\/12\/2016","format":false,"excerpt":"2023 Nersesjan\u00a0SC,\u00a0Nilsson\u00a0CJ,\u00a0Davidsen\u00a0K, et al., Life course partnership history and objectively measured physical functional ability in Danish middle-aged adults J Epidemiol Community Health\u00a0Published Online First:\u00a013 March 2023.\u00a0doi:\u00a010.1136\/jech-2022-220194 2022 A special section in the European Journal of Ageing\u00a0 ((guest editors Johan Fritzell, Neda Agahi, Marja Jylh\u00e4 and Tine Rostgaard): Fritzell, J., Agahi,\u2026","rel":"","context":"Similar post","img":{"alt_text":"","src":"","width":0,"height":0},"classes":[]}],"_links":{"self":[{"href":"http:\/\/www.sia-project.se\/index.php?rest_route=\/wp\/v2\/pages\/28"}],"collection":[{"href":"http:\/\/www.sia-project.se\/index.php?rest_route=\/wp\/v2\/pages"}],"about":[{"href":"http:\/\/www.sia-project.se\/index.php?rest_route=\/wp\/v2\/types\/page"}],"author":[{"embeddable":true,"href":"http:\/\/www.sia-project.se\/index.php?rest_route=\/wp\/v2\/users\/2"}],"replies":[{"embeddable":true,"href":"http:\/\/www.sia-project.se\/index.php?rest_route=%2Fwp%2Fv2%2Fcomments&post=28"}],"version-history":[{"count":5,"href":"http:\/\/www.sia-project.se\/index.php?rest_route=\/wp\/v2\/pages\/28\/revisions"}],"predecessor-version":[{"id":172,"href":"http:\/\/www.sia-project.se\/index.php?rest_route=\/wp\/v2\/pages\/28\/revisions\/172"}],"wp:attachment":[{"href":"http:\/\/www.sia-project.se\/index.php?rest_route=%2Fwp%2Fv2%2Fmedia&parent=28"}],"curies":[{"name":"wp","href":"https:\/\/api.w.org\/{rel}","templated":true}]}}