{"id":6,"date":"2016-12-22T23:49:05","date_gmt":"2016-12-22T22:49:05","guid":{"rendered":"https:\/\/test222sia.wordpress.com\/?page_id=4"},"modified":"2018-09-11T14:19:13","modified_gmt":"2018-09-11T12:19:13","slug":"contact","status":"publish","type":"page","link":"http:\/\/www.sia-project.se\/?page_id=6","title":{"rendered":"Contact"},"content":{"rendered":"<p><strong>Professor Johan Fritzell (PI)<\/strong> <img data-attachment-id=\"82\" data-permalink=\"http:\/\/www.sia-project.se\/?attachment_id=82#main\" data-orig-file=\"http:\/\/www.sia-project.se\/wp-content\/uploads\/2016\/12\/JF.jpg\" data-orig-size=\"150,200\" data-comments-opened=\"0\" data-image-meta=\"{&quot;aperture&quot;:&quot;0&quot;,&quot;credit&quot;:&quot;&quot;,&quot;camera&quot;:&quot;&quot;,&quot;caption&quot;:&quot;&quot;,&quot;created_timestamp&quot;:&quot;0&quot;,&quot;copyright&quot;:&quot;&quot;,&quot;focal_length&quot;:&quot;0&quot;,&quot;iso&quot;:&quot;0&quot;,&quot;shutter_speed&quot;:&quot;0&quot;,&quot;title&quot;:&quot;&quot;,&quot;orientation&quot;:&quot;0&quot;}\" data-image-title=\"JF\" data-image-description=\"\" data-image-caption=\"\" data-medium-file=\"http:\/\/www.sia-project.se\/wp-content\/uploads\/2016\/12\/JF.jpg\" data-large-file=\"http:\/\/www.sia-project.se\/wp-content\/uploads\/2016\/12\/JF.jpg\" loading=\"lazy\" class=\"alignright size-full wp-image-82\" src=\"http:\/\/www.sia-project.se\/wp-content\/uploads\/2016\/12\/JF.jpg\" alt=\"\" width=\"150\" height=\"200\" srcset=\"http:\/\/www.sia-project.se\/wp-content\/uploads\/2016\/12\/JF.jpg 150w, http:\/\/www.sia-project.se\/wp-content\/uploads\/2016\/12\/JF-1x1.jpg 1w\" sizes=\"(max-width: 150px) 100vw, 150px\" \/><br \/>\nProject Leader for Social Inequalities in Ageing<br \/>\nAging Research Center (ARC), Karolinska Institutet and Stockholm University<br \/>\nTomtebodav\u00e4gen 18A, SE-171 65 Solna, Sweden<br \/>\nPhone: +46 8 524 858 12<br \/>\nEmail: <a href=\"mailto:johan.fritzell@ki.se\">johan.fritzell@ki.se<\/a><\/p>\n","protected":false},"excerpt":{"rendered":"<p>Det h\u00e4r \u00e4r bara en kort utdrag f\u00f6r kontaktsidan&nbsp;.<\/p>\n","protected":false},"author":2,"featured_media":0,"parent":0,"menu_order":3,"comment_status":"closed","ping_status":"closed","template":"page-templates\/full-width.php","meta":{"advanced_seo_description":"","spay_email":""},"jetpack_sharing_enabled":false,"jetpack_shortlink":"https:\/\/wp.me\/P9jn8I-6","jetpack_likes_enabled":true,"jetpack-related-posts":[],"_links":{"self":[{"href":"http:\/\/www.sia-project.se\/index.php?rest_route=\/wp\/v2\/pages\/6"}],"collection":[{"href":"http:\/\/www.sia-project.se\/index.php?rest_route=\/wp\/v2\/pages"}],"about":[{"href":"http:\/\/www.sia-project.se\/index.php?rest_route=\/wp\/v2\/types\/page"}],"author":[{"embeddable":true,"href":"http:\/\/www.sia-project.se\/index.php?rest_route=\/wp\/v2\/users\/2"}],"replies":[{"embeddable":true,"href":"http:\/\/www.sia-project.se\/index.php?rest_route=%2Fwp%2Fv2%2Fcomments&post=6"}],"version-history":[{"count":7,"href":"http:\/\/www.sia-project.se\/index.php?rest_route=\/wp\/v2\/pages\/6\/revisions"}],"predecessor-version":[{"id":173,"href":"http:\/\/www.sia-project.se\/index.php?rest_route=\/wp\/v2\/pages\/6\/revisions\/173"}],"wp:attachment":[{"href":"http:\/\/www.sia-project.se\/index.php?rest_route=%2Fwp%2Fv2%2Fmedia&parent=6"}],"curies":[{"name":"wp","href":"https:\/\/api.w.org\/{rel}","templated":true}]}}